{"id":123,"date":"2024-11-12T13:40:21","date_gmt":"2024-11-12T12:40:21","guid":{"rendered":"https:\/\/swan-banjo.com\/?page_id=123"},"modified":"2025-02-01T13:41:19","modified_gmt":"2025-02-01T12:41:19","slug":"swan-whyte-laydie","status":"publish","type":"page","link":"https:\/\/swan-banjo.com\/?page_id=123","title":{"rendered":"Swan Whyte Laydie"},"content":{"rendered":"\n<h2 class=\"wp-block-heading\"># Swan Whyte Laydie N\u00b01<\/h2>\n\n\n\n<figure class=\"wp-block-gallery has-nested-images columns-default is-cropped wp-block-gallery-1 is-layout-flex wp-block-gallery-is-layout-flex\">\n<figure class=\"wp-block-image size-large\"><img loading=\"lazy\" decoding=\"async\" width=\"500\" height=\"1017\" data-id=\"416\" src=\"https:\/\/swan-banjo.com\/wp-content\/uploads\/2025\/01\/250118-Swan-SL-retaillee-2-1.jpg\" alt=\"\" class=\"wp-image-416\" srcset=\"https:\/\/swan-banjo.com\/wp-content\/uploads\/2025\/01\/250118-Swan-SL-retaillee-2-1.jpg 500w, https:\/\/swan-banjo.com\/wp-content\/uploads\/2025\/01\/250118-Swan-SL-retaillee-2-1-147x300.jpg 147w\" sizes=\"auto, (max-width: 500px) 100vw, 500px\" \/><\/figure>\n\n\n\n<figure class=\"wp-block-image size-large\"><img loading=\"lazy\" decoding=\"async\" width=\"500\" height=\"928\" data-id=\"419\" src=\"https:\/\/swan-banjo.com\/wp-content\/uploads\/2025\/01\/250118-Swan-WL-retaillee-1.jpg\" alt=\"\" class=\"wp-image-419\" srcset=\"https:\/\/swan-banjo.com\/wp-content\/uploads\/2025\/01\/250118-Swan-WL-retaillee-1.jpg 500w, https:\/\/swan-banjo.com\/wp-content\/uploads\/2025\/01\/250118-Swan-WL-retaillee-1-162x300.jpg 162w\" sizes=\"auto, (max-width: 500px) 100vw, 500px\" \/><\/figure>\n\n\n\n<figure class=\"wp-block-image size-large\"><img loading=\"lazy\" decoding=\"async\" width=\"500\" height=\"375\" data-id=\"417\" src=\"https:\/\/swan-banjo.com\/wp-content\/uploads\/2025\/01\/250118-Swan-WL-retaillee-3.jpg\" alt=\"\" class=\"wp-image-417\" srcset=\"https:\/\/swan-banjo.com\/wp-content\/uploads\/2025\/01\/250118-Swan-WL-retaillee-3.jpg 500w, https:\/\/swan-banjo.com\/wp-content\/uploads\/2025\/01\/250118-Swan-WL-retaillee-3-300x225.jpg 300w\" sizes=\"auto, (max-width: 500px) 100vw, 500px\" \/><\/figure>\n\n\n\n<figure class=\"wp-block-image size-large\"><img loading=\"lazy\" decoding=\"async\" width=\"500\" height=\"803\" data-id=\"418\" src=\"https:\/\/swan-banjo.com\/wp-content\/uploads\/2025\/01\/250118-Swan-WL-retaillee-4-1.jpg\" alt=\"\" class=\"wp-image-418\" srcset=\"https:\/\/swan-banjo.com\/wp-content\/uploads\/2025\/01\/250118-Swan-WL-retaillee-4-1.jpg 500w, https:\/\/swan-banjo.com\/wp-content\/uploads\/2025\/01\/250118-Swan-WL-retaillee-4-1-187x300.jpg 187w\" sizes=\"auto, (max-width: 500px) 100vw, 500px\" \/><\/figure>\n\n\n\n<figure class=\"wp-block-image size-large\"><img loading=\"lazy\" decoding=\"async\" width=\"500\" height=\"638\" data-id=\"420\" src=\"https:\/\/swan-banjo.com\/wp-content\/uploads\/2025\/01\/250118-Swan-WL-retaillee-5-1.jpg\" alt=\"\" class=\"wp-image-420\" srcset=\"https:\/\/swan-banjo.com\/wp-content\/uploads\/2025\/01\/250118-Swan-WL-retaillee-5-1.jpg 500w, https:\/\/swan-banjo.com\/wp-content\/uploads\/2025\/01\/250118-Swan-WL-retaillee-5-1-235x300.jpg 235w\" sizes=\"auto, (max-width: 500px) 100vw, 500px\" \/><\/figure>\n\n\n\n<figure class=\"wp-block-image size-large\"><img loading=\"lazy\" decoding=\"async\" width=\"479\" height=\"1024\" data-id=\"421\" src=\"https:\/\/swan-banjo.com\/wp-content\/uploads\/2025\/01\/250118-Swan-WL-retaillee-6-1-479x1024.jpg\" alt=\"\" class=\"wp-image-421\" srcset=\"https:\/\/swan-banjo.com\/wp-content\/uploads\/2025\/01\/250118-Swan-WL-retaillee-6-1-479x1024.jpg 479w, https:\/\/swan-banjo.com\/wp-content\/uploads\/2025\/01\/250118-Swan-WL-retaillee-6-1-140x300.jpg 140w, https:\/\/swan-banjo.com\/wp-content\/uploads\/2025\/01\/250118-Swan-WL-retaillee-6-1.jpg 500w\" sizes=\"auto, (max-width: 479px) 100vw, 479px\" \/><\/figure>\n\n\n\n<figure class=\"wp-block-image size-large\"><img loading=\"lazy\" decoding=\"async\" width=\"500\" height=\"375\" data-id=\"423\" src=\"https:\/\/swan-banjo.com\/wp-content\/uploads\/2025\/01\/250118-Swan-WL-retaillee-7-1.jpg\" alt=\"\" class=\"wp-image-423\" srcset=\"https:\/\/swan-banjo.com\/wp-content\/uploads\/2025\/01\/250118-Swan-WL-retaillee-7-1.jpg 500w, https:\/\/swan-banjo.com\/wp-content\/uploads\/2025\/01\/250118-Swan-WL-retaillee-7-1-300x225.jpg 300w\" sizes=\"auto, (max-width: 500px) 100vw, 500px\" \/><\/figure>\n\n\n\n<figure class=\"wp-block-image size-large\"><img loading=\"lazy\" decoding=\"async\" width=\"500\" height=\"375\" data-id=\"424\" src=\"https:\/\/swan-banjo.com\/wp-content\/uploads\/2025\/01\/250118-Swan-WL-retaillee-8-1.jpg\" alt=\"\" class=\"wp-image-424\" srcset=\"https:\/\/swan-banjo.com\/wp-content\/uploads\/2025\/01\/250118-Swan-WL-retaillee-8-1.jpg 500w, https:\/\/swan-banjo.com\/wp-content\/uploads\/2025\/01\/250118-Swan-WL-retaillee-8-1-300x225.jpg 300w\" sizes=\"auto, (max-width: 500px) 100vw, 500px\" \/><\/figure>\n\n\n\n<figure class=\"wp-block-image size-large\"><img loading=\"lazy\" decoding=\"async\" width=\"500\" height=\"375\" data-id=\"422\" src=\"https:\/\/swan-banjo.com\/wp-content\/uploads\/2025\/01\/250118-Swan-WL-retaillee-9-1.jpg\" alt=\"\" class=\"wp-image-422\" srcset=\"https:\/\/swan-banjo.com\/wp-content\/uploads\/2025\/01\/250118-Swan-WL-retaillee-9-1.jpg 500w, https:\/\/swan-banjo.com\/wp-content\/uploads\/2025\/01\/250118-Swan-WL-retaillee-9-1-300x225.jpg 300w\" sizes=\"auto, (max-width: 500px) 100vw, 500px\" \/><\/figure>\n<\/figure>\n\n\n\n<ul class=\"wp-block-list\">\n<li>Swan Whyte laydie 19 frets en noyer<\/li>\n\n\n\n<li>Manche en noyer en 5 parties<\/li>\n\n\n\n<li>Touche, placage de t\u00eate et talon en ziricote<\/li>\n\n\n\n<li>Cordier Kershner de chez Prucha<\/li>\n\n\n\n<li>Sillet en os<\/li>\n\n\n\n<li>Chevalet 3 pieds<\/li>\n\n\n\n<li>Armrest 2 pieds de chez Prucha<\/li>\n\n\n\n<li>Incrustation de nacre sur la t\u00eate<\/li>\n\n\n\n<li>M\u00e9canique Gotoh <\/li>\n\n\n\n<li>Peau R\u00e9mo translucide<\/li>\n<\/ul>\n\n\n\n<div class=\"wp-block-buttons is-layout-flex wp-block-buttons-is-layout-flex\">\n<div class=\"wp-block-button\"><a class=\"wp-block-button__link wp-element-button\" href=\"https:\/\/swan-banjo.com\/?page_id=366\">En savoir plus<\/a><\/div>\n<\/div>\n\n\n\n<h2 class=\"wp-block-heading\"># Swan Whyte Laydie N\u00b02<\/h2>\n\n\n\n<figure class=\"wp-block-gallery has-nested-images columns-default is-cropped wp-block-gallery-2 is-layout-flex wp-block-gallery-is-layout-flex\">\n<figure class=\"wp-block-image size-large\"><img loading=\"lazy\" decoding=\"async\" width=\"487\" height=\"282\" data-id=\"426\" src=\"https:\/\/swan-banjo.com\/wp-content\/uploads\/2025\/01\/DSC_0193.jpg\" alt=\"\" class=\"wp-image-426\" srcset=\"https:\/\/swan-banjo.com\/wp-content\/uploads\/2025\/01\/DSC_0193.jpg 487w, https:\/\/swan-banjo.com\/wp-content\/uploads\/2025\/01\/DSC_0193-300x174.jpg 300w\" sizes=\"auto, (max-width: 487px) 100vw, 487px\" \/><\/figure>\n\n\n\n<figure class=\"wp-block-image size-large\"><img loading=\"lazy\" decoding=\"async\" width=\"500\" height=\"333\" data-id=\"427\" src=\"https:\/\/swan-banjo.com\/wp-content\/uploads\/2025\/01\/DSC_0195.jpg\" alt=\"\" class=\"wp-image-427\" srcset=\"https:\/\/swan-banjo.com\/wp-content\/uploads\/2025\/01\/DSC_0195.jpg 500w, https:\/\/swan-banjo.com\/wp-content\/uploads\/2025\/01\/DSC_0195-300x200.jpg 300w\" sizes=\"auto, (max-width: 500px) 100vw, 500px\" \/><\/figure>\n\n\n\n<figure class=\"wp-block-image size-large\"><img loading=\"lazy\" decoding=\"async\" width=\"500\" height=\"333\" data-id=\"428\" src=\"https:\/\/swan-banjo.com\/wp-content\/uploads\/2025\/01\/DSC_0196.jpg\" alt=\"\" class=\"wp-image-428\" srcset=\"https:\/\/swan-banjo.com\/wp-content\/uploads\/2025\/01\/DSC_0196.jpg 500w, https:\/\/swan-banjo.com\/wp-content\/uploads\/2025\/01\/DSC_0196-300x200.jpg 300w\" sizes=\"auto, (max-width: 500px) 100vw, 500px\" \/><\/figure>\n\n\n\n<figure class=\"wp-block-image size-large\"><img loading=\"lazy\" decoding=\"async\" width=\"500\" height=\"469\" data-id=\"429\" src=\"https:\/\/swan-banjo.com\/wp-content\/uploads\/2025\/01\/DSC_0197.jpg\" alt=\"\" class=\"wp-image-429\" srcset=\"https:\/\/swan-banjo.com\/wp-content\/uploads\/2025\/01\/DSC_0197.jpg 500w, https:\/\/swan-banjo.com\/wp-content\/uploads\/2025\/01\/DSC_0197-300x281.jpg 300w\" sizes=\"auto, (max-width: 500px) 100vw, 500px\" \/><\/figure>\n\n\n\n<figure class=\"wp-block-image size-large\"><img loading=\"lazy\" decoding=\"async\" width=\"500\" height=\"333\" data-id=\"430\" src=\"https:\/\/swan-banjo.com\/wp-content\/uploads\/2025\/01\/DSC_0199.jpg\" alt=\"\" class=\"wp-image-430\" srcset=\"https:\/\/swan-banjo.com\/wp-content\/uploads\/2025\/01\/DSC_0199.jpg 500w, https:\/\/swan-banjo.com\/wp-content\/uploads\/2025\/01\/DSC_0199-300x200.jpg 300w\" sizes=\"auto, (max-width: 500px) 100vw, 500px\" \/><\/figure>\n\n\n\n<figure class=\"wp-block-image size-large\"><img loading=\"lazy\" decoding=\"async\" width=\"500\" height=\"333\" data-id=\"431\" src=\"https:\/\/swan-banjo.com\/wp-content\/uploads\/2025\/01\/DSC_0200.jpg\" alt=\"\" class=\"wp-image-431\" srcset=\"https:\/\/swan-banjo.com\/wp-content\/uploads\/2025\/01\/DSC_0200.jpg 500w, https:\/\/swan-banjo.com\/wp-content\/uploads\/2025\/01\/DSC_0200-300x200.jpg 300w\" sizes=\"auto, (max-width: 500px) 100vw, 500px\" \/><\/figure>\n\n\n\n<figure class=\"wp-block-image size-large\"><img loading=\"lazy\" decoding=\"async\" width=\"500\" height=\"333\" data-id=\"432\" src=\"https:\/\/swan-banjo.com\/wp-content\/uploads\/2025\/01\/DSC_0201-redimensionnee.jpg\" alt=\"\" class=\"wp-image-432\" srcset=\"https:\/\/swan-banjo.com\/wp-content\/uploads\/2025\/01\/DSC_0201-redimensionnee.jpg 500w, https:\/\/swan-banjo.com\/wp-content\/uploads\/2025\/01\/DSC_0201-redimensionnee-300x200.jpg 300w\" sizes=\"auto, (max-width: 500px) 100vw, 500px\" \/><\/figure>\n<\/figure>\n\n\n\n<ul class=\"wp-block-list\">\n<li>Swan Whyte laydie 17 frets en \u00e9rable<\/li>\n\n\n\n<li>Touche en bubinga<\/li>\n\n\n\n<li>Placage de t\u00eate et talon en \u00e9b\u00e8ne<\/li>\n\n\n\n<li>Cordier Kershner de chez Prucha (chang\u00e9 depuis la photo)<\/li>\n\n\n\n<li>Sillet en bubinga<\/li>\n\n\n\n<li>Chevalet 3 pieds<\/li>\n\n\n\n<li>Armrest 2 pieds de chez Prucha<\/li>\n\n\n\n<li>Incrustation de nacre sur la t\u00eate et la touche<\/li>\n\n\n\n<li>M\u00e9canique Gotoh <\/li>\n\n\n\n<li>Peau R\u00e9mo Renaissance<\/li>\n<\/ul>\n\n\n\n<div class=\"wp-block-buttons is-layout-flex wp-block-buttons-is-layout-flex\">\n<div class=\"wp-block-button\"><a class=\"wp-block-button__link wp-element-button\" href=\"https:\/\/swan-banjo.com\/?page_id=366\">En savoir plus<\/a><\/div>\n<\/div>\n\n\n\n<p><\/p>\n","protected":false},"excerpt":{"rendered":"<p># Swan Whyte Laydie N\u00b01 # Swan Whyte Laydie N\u00b02<\/p>\n","protected":false},"author":1,"featured_media":0,"parent":0,"menu_order":0,"comment_status":"open","ping_status":"closed","template":"","meta":{"footnotes":""},"class_list":["post-123","page","type-page","status-publish","hentry"],"_links":{"self":[{"href":"https:\/\/swan-banjo.com\/index.php?rest_route=\/wp\/v2\/pages\/123","targetHints":{"allow":["GET"]}}],"collection":[{"href":"https:\/\/swan-banjo.com\/index.php?rest_route=\/wp\/v2\/pages"}],"about":[{"href":"https:\/\/swan-banjo.com\/index.php?rest_route=\/wp\/v2\/types\/page"}],"author":[{"embeddable":true,"href":"https:\/\/swan-banjo.com\/index.php?rest_route=\/wp\/v2\/users\/1"}],"replies":[{"embeddable":true,"href":"https:\/\/swan-banjo.com\/index.php?rest_route=%2Fwp%2Fv2%2Fcomments&post=123"}],"version-history":[{"count":13,"href":"https:\/\/swan-banjo.com\/index.php?rest_route=\/wp\/v2\/pages\/123\/revisions"}],"predecessor-version":[{"id":452,"href":"https:\/\/swan-banjo.com\/index.php?rest_route=\/wp\/v2\/pages\/123\/revisions\/452"}],"wp:attachment":[{"href":"https:\/\/swan-banjo.com\/index.php?rest_route=%2Fwp%2Fv2%2Fmedia&parent=123"}],"curies":[{"name":"wp","href":"https:\/\/api.w.org\/{rel}","templated":true}]}}