{"id":129,"date":"2024-11-12T14:01:22","date_gmt":"2024-11-12T13:01:22","guid":{"rendered":"https:\/\/swan-banjo.com\/?page_id=129"},"modified":"2025-01-19T12:44:13","modified_gmt":"2025-01-19T11:44:13","slug":"swan-silver-bell-12-pouces","status":"publish","type":"page","link":"https:\/\/swan-banjo.com\/?page_id=129","title":{"rendered":"Swan Silver Bell"},"content":{"rendered":"\n<figure class=\"wp-block-gallery has-nested-images columns-default is-cropped wp-block-gallery-1 is-layout-flex wp-block-gallery-is-layout-flex\">\n<figure class=\"wp-block-image size-large\"><img loading=\"lazy\" decoding=\"async\" width=\"500\" height=\"243\" data-id=\"407\" src=\"https:\/\/swan-banjo.com\/wp-content\/uploads\/2025\/01\/20210305_104240-redimensionnee.jpg\" alt=\"\" class=\"wp-image-407\" srcset=\"https:\/\/swan-banjo.com\/wp-content\/uploads\/2025\/01\/20210305_104240-redimensionnee.jpg 500w, https:\/\/swan-banjo.com\/wp-content\/uploads\/2025\/01\/20210305_104240-redimensionnee-300x146.jpg 300w\" sizes=\"auto, (max-width: 500px) 100vw, 500px\" \/><\/figure>\n\n\n\n<figure class=\"wp-block-image size-large\"><img loading=\"lazy\" decoding=\"async\" width=\"500\" height=\"238\" data-id=\"408\" src=\"https:\/\/swan-banjo.com\/wp-content\/uploads\/2025\/01\/20210305_104310-redimensionnee.jpg\" alt=\"\" class=\"wp-image-408\" srcset=\"https:\/\/swan-banjo.com\/wp-content\/uploads\/2025\/01\/20210305_104310-redimensionnee.jpg 500w, https:\/\/swan-banjo.com\/wp-content\/uploads\/2025\/01\/20210305_104310-redimensionnee-300x143.jpg 300w\" sizes=\"auto, (max-width: 500px) 100vw, 500px\" \/><\/figure>\n\n\n\n<figure class=\"wp-block-image size-large\"><img loading=\"lazy\" decoding=\"async\" width=\"500\" height=\"262\" data-id=\"409\" src=\"https:\/\/swan-banjo.com\/wp-content\/uploads\/2025\/01\/20210305_104354-redimensionnee.jpg\" alt=\"\" class=\"wp-image-409\" srcset=\"https:\/\/swan-banjo.com\/wp-content\/uploads\/2025\/01\/20210305_104354-redimensionnee.jpg 500w, https:\/\/swan-banjo.com\/wp-content\/uploads\/2025\/01\/20210305_104354-redimensionnee-300x157.jpg 300w\" sizes=\"auto, (max-width: 500px) 100vw, 500px\" \/><\/figure>\n\n\n\n<figure class=\"wp-block-image size-large\"><img loading=\"lazy\" decoding=\"async\" width=\"500\" height=\"191\" data-id=\"410\" src=\"https:\/\/swan-banjo.com\/wp-content\/uploads\/2025\/01\/20210305_104451-redimensionnee.jpg\" alt=\"\" class=\"wp-image-410\" srcset=\"https:\/\/swan-banjo.com\/wp-content\/uploads\/2025\/01\/20210305_104451-redimensionnee.jpg 500w, https:\/\/swan-banjo.com\/wp-content\/uploads\/2025\/01\/20210305_104451-redimensionnee-300x115.jpg 300w\" sizes=\"auto, (max-width: 500px) 100vw, 500px\" \/><\/figure>\n\n\n\n<figure class=\"wp-block-image size-large\"><img loading=\"lazy\" decoding=\"async\" width=\"500\" height=\"213\" data-id=\"411\" src=\"https:\/\/swan-banjo.com\/wp-content\/uploads\/2025\/01\/20210305_104532-redimensionnee.jpg\" alt=\"\" class=\"wp-image-411\" srcset=\"https:\/\/swan-banjo.com\/wp-content\/uploads\/2025\/01\/20210305_104532-redimensionnee.jpg 500w, https:\/\/swan-banjo.com\/wp-content\/uploads\/2025\/01\/20210305_104532-redimensionnee-300x128.jpg 300w\" sizes=\"auto, (max-width: 500px) 100vw, 500px\" \/><\/figure>\n\n\n\n<figure class=\"wp-block-image size-large\"><img loading=\"lazy\" decoding=\"async\" width=\"500\" height=\"243\" data-id=\"412\" src=\"https:\/\/swan-banjo.com\/wp-content\/uploads\/2025\/01\/20210305_104555-redimensionnee.jpg\" alt=\"\" class=\"wp-image-412\" srcset=\"https:\/\/swan-banjo.com\/wp-content\/uploads\/2025\/01\/20210305_104555-redimensionnee.jpg 500w, https:\/\/swan-banjo.com\/wp-content\/uploads\/2025\/01\/20210305_104555-redimensionnee-300x146.jpg 300w\" sizes=\"auto, (max-width: 500px) 100vw, 500px\" \/><\/figure>\n\n\n\n<figure class=\"wp-block-image size-large\"><img loading=\"lazy\" decoding=\"async\" width=\"500\" height=\"243\" data-id=\"413\" src=\"https:\/\/swan-banjo.com\/wp-content\/uploads\/2025\/01\/20210305_104606-redimensionnee.jpg\" alt=\"\" class=\"wp-image-413\" srcset=\"https:\/\/swan-banjo.com\/wp-content\/uploads\/2025\/01\/20210305_104606-redimensionnee.jpg 500w, https:\/\/swan-banjo.com\/wp-content\/uploads\/2025\/01\/20210305_104606-redimensionnee-300x146.jpg 300w\" sizes=\"auto, (max-width: 500px) 100vw, 500px\" \/><\/figure>\n<\/figure>\n\n\n\n<ul class=\"wp-block-list\">\n<li>F\u00fbt et manche en \u00e9rable ond\u00e9 de 12 pouces<\/li>\n\n\n\n<li>Silver Bell tonering<\/li>\n\n\n\n<li>Touche \u00e9b\u00e8ne<\/li>\n\n\n\n<li>Placage de t\u00eate et de talon en \u00e9b\u00e8ne<\/li>\n\n\n\n<li>Incrustation de nacre sur la t\u00eate et la touche<\/li>\n\n\n\n<li>Cordier Presto de chez Prucha<\/li>\n\n\n\n<li>Sillet en os<\/li>\n\n\n\n<li>Chevalet 2 pieds<\/li>\n\n\n\n<li>Armrest 2 pieds Gibson<\/li>\n\n\n\n<li>M\u00e9caniques Gotoh avec boutons aspect ivoire<\/li>\n\n\n\n<li>Peau R\u00e9mo renaissance<\/li>\n<\/ul>\n\n\n\n<div class=\"wp-block-buttons is-layout-flex wp-block-buttons-is-layout-flex\">\n<div class=\"wp-block-button\"><a class=\"wp-block-button__link wp-element-button\" href=\"https:\/\/swan-banjo.com\/?page_id=366\">En savoir plus<\/a><\/div>\n<\/div>\n\n\n\n<p><\/p>\n","protected":false},"excerpt":{"rendered":"","protected":false},"author":1,"featured_media":0,"parent":0,"menu_order":0,"comment_status":"open","ping_status":"closed","template":"","meta":{"footnotes":""},"class_list":["post-129","page","type-page","status-publish","hentry"],"_links":{"self":[{"href":"https:\/\/swan-banjo.com\/index.php?rest_route=\/wp\/v2\/pages\/129","targetHints":{"allow":["GET"]}}],"collection":[{"href":"https:\/\/swan-banjo.com\/index.php?rest_route=\/wp\/v2\/pages"}],"about":[{"href":"https:\/\/swan-banjo.com\/index.php?rest_route=\/wp\/v2\/types\/page"}],"author":[{"embeddable":true,"href":"https:\/\/swan-banjo.com\/index.php?rest_route=\/wp\/v2\/users\/1"}],"replies":[{"embeddable":true,"href":"https:\/\/swan-banjo.com\/index.php?rest_route=%2Fwp%2Fv2%2Fcomments&post=129"}],"version-history":[{"count":9,"href":"https:\/\/swan-banjo.com\/index.php?rest_route=\/wp\/v2\/pages\/129\/revisions"}],"predecessor-version":[{"id":438,"href":"https:\/\/swan-banjo.com\/index.php?rest_route=\/wp\/v2\/pages\/129\/revisions\/438"}],"wp:attachment":[{"href":"https:\/\/swan-banjo.com\/index.php?rest_route=%2Fwp%2Fv2%2Fmedia&parent=129"}],"curies":[{"name":"wp","href":"https:\/\/api.w.org\/{rel}","templated":true}]}}