{"id":132,"date":"2024-11-12T14:14:24","date_gmt":"2024-11-12T13:14:24","guid":{"rendered":"https:\/\/swan-banjo.com\/?page_id=132"},"modified":"2025-01-19T12:55:19","modified_gmt":"2025-01-19T11:55:19","slug":"swan-archtop","status":"publish","type":"page","link":"https:\/\/swan-banjo.com\/?page_id=132","title":{"rendered":"Swan Archtop"},"content":{"rendered":"\n<h2 class=\"wp-block-heading\"># Swan Archtop N\u00b01<\/h2>\n\n\n\n<figure class=\"wp-block-gallery has-nested-images columns-default is-cropped wp-block-gallery-1 is-layout-flex wp-block-gallery-is-layout-flex\">\n<figure class=\"wp-block-image size-large\"><img loading=\"lazy\" decoding=\"async\" width=\"500\" height=\"281\" data-id=\"373\" src=\"https:\/\/swan-banjo.com\/wp-content\/uploads\/2025\/01\/20181013_Swan-Archtop-dessous-talon-et-resonateur.jpg\" alt=\"\" class=\"wp-image-373\" srcset=\"https:\/\/swan-banjo.com\/wp-content\/uploads\/2025\/01\/20181013_Swan-Archtop-dessous-talon-et-resonateur.jpg 500w, https:\/\/swan-banjo.com\/wp-content\/uploads\/2025\/01\/20181013_Swan-Archtop-dessous-talon-et-resonateur-300x169.jpg 300w\" sizes=\"auto, (max-width: 500px) 100vw, 500px\" \/><\/figure>\n\n\n\n<figure class=\"wp-block-image size-large\"><img loading=\"lazy\" decoding=\"async\" width=\"500\" height=\"281\" data-id=\"374\" src=\"https:\/\/swan-banjo.com\/wp-content\/uploads\/2025\/01\/20181013_Swan-Archtop-dessous-tete-2.jpg\" alt=\"\" class=\"wp-image-374\" srcset=\"https:\/\/swan-banjo.com\/wp-content\/uploads\/2025\/01\/20181013_Swan-Archtop-dessous-tete-2.jpg 500w, https:\/\/swan-banjo.com\/wp-content\/uploads\/2025\/01\/20181013_Swan-Archtop-dessous-tete-2-300x169.jpg 300w\" sizes=\"auto, (max-width: 500px) 100vw, 500px\" \/><\/figure>\n\n\n\n<figure class=\"wp-block-image size-large\"><img loading=\"lazy\" decoding=\"async\" width=\"500\" height=\"281\" data-id=\"375\" src=\"https:\/\/swan-banjo.com\/wp-content\/uploads\/2025\/01\/20181013_Swan-Archtop-dessous-tete-et-manche.jpg\" alt=\"\" class=\"wp-image-375\" srcset=\"https:\/\/swan-banjo.com\/wp-content\/uploads\/2025\/01\/20181013_Swan-Archtop-dessous-tete-et-manche.jpg 500w, https:\/\/swan-banjo.com\/wp-content\/uploads\/2025\/01\/20181013_Swan-Archtop-dessous-tete-et-manche-300x169.jpg 300w\" sizes=\"auto, (max-width: 500px) 100vw, 500px\" \/><\/figure>\n\n\n\n<figure class=\"wp-block-image size-large\"><img loading=\"lazy\" decoding=\"async\" width=\"500\" height=\"889\" data-id=\"380\" src=\"https:\/\/swan-banjo.com\/wp-content\/uploads\/2025\/01\/20181013_Swan-Archtop-dessous-tete.jpg\" alt=\"\" class=\"wp-image-380\" srcset=\"https:\/\/swan-banjo.com\/wp-content\/uploads\/2025\/01\/20181013_Swan-Archtop-dessous-tete.jpg 500w, https:\/\/swan-banjo.com\/wp-content\/uploads\/2025\/01\/20181013_Swan-Archtop-dessous-tete-169x300.jpg 169w\" sizes=\"auto, (max-width: 500px) 100vw, 500px\" \/><\/figure>\n\n\n\n<figure class=\"wp-block-image size-large\"><img loading=\"lazy\" decoding=\"async\" width=\"500\" height=\"281\" data-id=\"376\" src=\"https:\/\/swan-banjo.com\/wp-content\/uploads\/2025\/01\/20181013_Swan-Archtop-dessus-talon.jpg\" alt=\"\" class=\"wp-image-376\" srcset=\"https:\/\/swan-banjo.com\/wp-content\/uploads\/2025\/01\/20181013_Swan-Archtop-dessus-talon.jpg 500w, https:\/\/swan-banjo.com\/wp-content\/uploads\/2025\/01\/20181013_Swan-Archtop-dessus-talon-300x169.jpg 300w\" sizes=\"auto, (max-width: 500px) 100vw, 500px\" \/><\/figure>\n\n\n\n<figure class=\"wp-block-image size-large\"><img loading=\"lazy\" decoding=\"async\" width=\"500\" height=\"281\" data-id=\"377\" src=\"https:\/\/swan-banjo.com\/wp-content\/uploads\/2025\/01\/20181013_Swan-Archtop-desus-et-manche-.jpg\" alt=\"\" class=\"wp-image-377\" srcset=\"https:\/\/swan-banjo.com\/wp-content\/uploads\/2025\/01\/20181013_Swan-Archtop-desus-et-manche-.jpg 500w, https:\/\/swan-banjo.com\/wp-content\/uploads\/2025\/01\/20181013_Swan-Archtop-desus-et-manche--300x169.jpg 300w\" sizes=\"auto, (max-width: 500px) 100vw, 500px\" \/><\/figure>\n\n\n\n<figure class=\"wp-block-image size-large\"><img loading=\"lazy\" decoding=\"async\" width=\"500\" height=\"889\" data-id=\"381\" src=\"https:\/\/swan-banjo.com\/wp-content\/uploads\/2025\/01\/20181013_Swan-Archtop-fut.jpg\" alt=\"\" class=\"wp-image-381\" srcset=\"https:\/\/swan-banjo.com\/wp-content\/uploads\/2025\/01\/20181013_Swan-Archtop-fut.jpg 500w, https:\/\/swan-banjo.com\/wp-content\/uploads\/2025\/01\/20181013_Swan-Archtop-fut-169x300.jpg 169w\" sizes=\"auto, (max-width: 500px) 100vw, 500px\" \/><\/figure>\n\n\n\n<figure class=\"wp-block-image size-large\"><img loading=\"lazy\" decoding=\"async\" width=\"500\" height=\"281\" data-id=\"378\" src=\"https:\/\/swan-banjo.com\/wp-content\/uploads\/2025\/01\/20181013_Swan-Archtop-peau.jpg\" alt=\"\" class=\"wp-image-378\" srcset=\"https:\/\/swan-banjo.com\/wp-content\/uploads\/2025\/01\/20181013_Swan-Archtop-peau.jpg 500w, https:\/\/swan-banjo.com\/wp-content\/uploads\/2025\/01\/20181013_Swan-Archtop-peau-300x169.jpg 300w\" sizes=\"auto, (max-width: 500px) 100vw, 500px\" \/><\/figure>\n\n\n\n<figure class=\"wp-block-image size-large\"><img loading=\"lazy\" decoding=\"async\" width=\"500\" height=\"361\" data-id=\"379\" src=\"https:\/\/swan-banjo.com\/wp-content\/uploads\/2025\/01\/20181013_Swan-Archtop-resonateur.jpg\" alt=\"\" class=\"wp-image-379\" srcset=\"https:\/\/swan-banjo.com\/wp-content\/uploads\/2025\/01\/20181013_Swan-Archtop-resonateur.jpg 500w, https:\/\/swan-banjo.com\/wp-content\/uploads\/2025\/01\/20181013_Swan-Archtop-resonateur-300x217.jpg 300w\" sizes=\"auto, (max-width: 500px) 100vw, 500px\" \/><\/figure>\n\n\n\n<figure class=\"wp-block-image size-large\"><img loading=\"lazy\" decoding=\"async\" width=\"500\" height=\"889\" data-id=\"382\" src=\"https:\/\/swan-banjo.com\/wp-content\/uploads\/2025\/01\/20181013_Swan-Archtop-tete-et-manche.jpg\" alt=\"\" class=\"wp-image-382\" srcset=\"https:\/\/swan-banjo.com\/wp-content\/uploads\/2025\/01\/20181013_Swan-Archtop-tete-et-manche.jpg 500w, https:\/\/swan-banjo.com\/wp-content\/uploads\/2025\/01\/20181013_Swan-Archtop-tete-et-manche-169x300.jpg 169w\" sizes=\"auto, (max-width: 500px) 100vw, 500px\" \/><\/figure>\n<\/figure>\n\n\n\n<ul class=\"wp-block-list\">\n<li>F\u00fbt, manche et r\u00e9sonateur en \u00e9rable ond\u00e9<\/li>\n\n\n\n<li>Archtop tonering<\/li>\n\n\n\n<li>Touche \u00e9b\u00e8ne<\/li>\n\n\n\n<li>Placage de t\u00eate et de talon en \u00e9b\u00e8ne<\/li>\n\n\n\n<li>Incrustation de nacre sur la t\u00eate et la touche<\/li>\n\n\n\n<li>Cordier Clamshell de chez Stewart Mc Donald<\/li>\n\n\n\n<li>Sillet en os<\/li>\n\n\n\n<li>Chevalet 2 pieds<\/li>\n\n\n\n<li>Armrest de chez Stewart Mc Donald<\/li>\n\n\n\n<li>M\u00e9caniques Waverly avec boutons aspect ivoire<\/li>\n\n\n\n<li>Accastillage plaqu\u00e9 or<\/li>\n\n\n\n<li>Peau Elite<\/li>\n<\/ul>\n\n\n\n<div class=\"wp-block-buttons is-layout-flex wp-block-buttons-is-layout-flex\">\n<div class=\"wp-block-button\"><a class=\"wp-block-button__link wp-element-button\" href=\"https:\/\/swan-banjo.com\/?page_id=366\">En savoir plus <\/a><\/div>\n<\/div>\n\n\n\n<h2 class=\"wp-block-heading\"># Swan Archtop N\u00b02<\/h2>\n\n\n\n<figure class=\"wp-block-gallery has-nested-images columns-default is-cropped wp-block-gallery-2 is-layout-flex wp-block-gallery-is-layout-flex\">\n<figure class=\"wp-block-image size-large\"><img loading=\"lazy\" decoding=\"async\" width=\"500\" height=\"325\" data-id=\"289\" src=\"https:\/\/swan-banjo.com\/wp-content\/uploads\/2025\/01\/250118-Swan-AT-retaillee-1.jpg\" alt=\"\" class=\"wp-image-289\" srcset=\"https:\/\/swan-banjo.com\/wp-content\/uploads\/2025\/01\/250118-Swan-AT-retaillee-1.jpg 500w, https:\/\/swan-banjo.com\/wp-content\/uploads\/2025\/01\/250118-Swan-AT-retaillee-1-300x195.jpg 300w\" sizes=\"auto, (max-width: 500px) 100vw, 500px\" \/><\/figure>\n\n\n\n<figure class=\"wp-block-image size-large\"><img loading=\"lazy\" decoding=\"async\" width=\"500\" height=\"763\" data-id=\"294\" src=\"https:\/\/swan-banjo.com\/wp-content\/uploads\/2025\/01\/250118-Swan-AT-retaillee-2.jpg\" alt=\"\" class=\"wp-image-294\" srcset=\"https:\/\/swan-banjo.com\/wp-content\/uploads\/2025\/01\/250118-Swan-AT-retaillee-2.jpg 500w, https:\/\/swan-banjo.com\/wp-content\/uploads\/2025\/01\/250118-Swan-AT-retaillee-2-197x300.jpg 197w\" sizes=\"auto, (max-width: 500px) 100vw, 500px\" \/><\/figure>\n\n\n\n<figure class=\"wp-block-image size-large\"><img loading=\"lazy\" decoding=\"async\" width=\"500\" height=\"667\" data-id=\"293\" src=\"https:\/\/swan-banjo.com\/wp-content\/uploads\/2025\/01\/250118-Swan-AT-retaillee-3.jpg\" alt=\"\" class=\"wp-image-293\" srcset=\"https:\/\/swan-banjo.com\/wp-content\/uploads\/2025\/01\/250118-Swan-AT-retaillee-3.jpg 500w, https:\/\/swan-banjo.com\/wp-content\/uploads\/2025\/01\/250118-Swan-AT-retaillee-3-225x300.jpg 225w\" sizes=\"auto, (max-width: 500px) 100vw, 500px\" \/><\/figure>\n\n\n\n<figure class=\"wp-block-image size-large\"><img loading=\"lazy\" decoding=\"async\" width=\"500\" height=\"800\" data-id=\"295\" src=\"https:\/\/swan-banjo.com\/wp-content\/uploads\/2025\/01\/250118-Swan-AT-retaillee-4.jpg\" alt=\"\" class=\"wp-image-295\" srcset=\"https:\/\/swan-banjo.com\/wp-content\/uploads\/2025\/01\/250118-Swan-AT-retaillee-4.jpg 500w, https:\/\/swan-banjo.com\/wp-content\/uploads\/2025\/01\/250118-Swan-AT-retaillee-4-188x300.jpg 188w\" sizes=\"auto, (max-width: 500px) 100vw, 500px\" \/><\/figure>\n\n\n\n<figure class=\"wp-block-image size-large\"><img loading=\"lazy\" decoding=\"async\" width=\"500\" height=\"667\" data-id=\"297\" src=\"https:\/\/swan-banjo.com\/wp-content\/uploads\/2025\/01\/250118-Swan-AT-retaillee-6.jpg\" alt=\"\" class=\"wp-image-297\" srcset=\"https:\/\/swan-banjo.com\/wp-content\/uploads\/2025\/01\/250118-Swan-AT-retaillee-6.jpg 500w, https:\/\/swan-banjo.com\/wp-content\/uploads\/2025\/01\/250118-Swan-AT-retaillee-6-225x300.jpg 225w\" sizes=\"auto, (max-width: 500px) 100vw, 500px\" \/><\/figure>\n\n\n\n<figure class=\"wp-block-image size-large\"><img loading=\"lazy\" decoding=\"async\" width=\"500\" height=\"244\" data-id=\"290\" src=\"https:\/\/swan-banjo.com\/wp-content\/uploads\/2025\/01\/250118-Swan-AT-retaillee-7.jpg\" alt=\"\" class=\"wp-image-290\" srcset=\"https:\/\/swan-banjo.com\/wp-content\/uploads\/2025\/01\/250118-Swan-AT-retaillee-7.jpg 500w, https:\/\/swan-banjo.com\/wp-content\/uploads\/2025\/01\/250118-Swan-AT-retaillee-7-300x146.jpg 300w\" sizes=\"auto, (max-width: 500px) 100vw, 500px\" \/><\/figure>\n\n\n\n<figure class=\"wp-block-image size-large\"><img loading=\"lazy\" decoding=\"async\" width=\"500\" height=\"667\" data-id=\"301\" src=\"https:\/\/swan-banjo.com\/wp-content\/uploads\/2025\/01\/250118-Swan-AT-retaillee-9.jpg\" alt=\"\" class=\"wp-image-301\" srcset=\"https:\/\/swan-banjo.com\/wp-content\/uploads\/2025\/01\/250118-Swan-AT-retaillee-9.jpg 500w, https:\/\/swan-banjo.com\/wp-content\/uploads\/2025\/01\/250118-Swan-AT-retaillee-9-225x300.jpg 225w\" sizes=\"auto, (max-width: 500px) 100vw, 500px\" \/><\/figure>\n\n\n\n<figure class=\"wp-block-image size-large\"><img loading=\"lazy\" decoding=\"async\" width=\"493\" height=\"1024\" data-id=\"300\" src=\"https:\/\/swan-banjo.com\/wp-content\/uploads\/2025\/01\/250118-Swan-AT-retaillee-13-493x1024.jpg\" alt=\"\" class=\"wp-image-300\" srcset=\"https:\/\/swan-banjo.com\/wp-content\/uploads\/2025\/01\/250118-Swan-AT-retaillee-13-493x1024.jpg 493w, https:\/\/swan-banjo.com\/wp-content\/uploads\/2025\/01\/250118-Swan-AT-retaillee-13-144x300.jpg 144w, https:\/\/swan-banjo.com\/wp-content\/uploads\/2025\/01\/250118-Swan-AT-retaillee-13.jpg 500w\" sizes=\"auto, (max-width: 493px) 100vw, 493px\" \/><\/figure>\n\n\n\n<figure class=\"wp-block-image size-large\"><img loading=\"lazy\" decoding=\"async\" width=\"500\" height=\"375\" data-id=\"299\" src=\"https:\/\/swan-banjo.com\/wp-content\/uploads\/2025\/01\/250118-Swan-AT-retaillee5.jpg\" alt=\"\" class=\"wp-image-299\" srcset=\"https:\/\/swan-banjo.com\/wp-content\/uploads\/2025\/01\/250118-Swan-AT-retaillee5.jpg 500w, https:\/\/swan-banjo.com\/wp-content\/uploads\/2025\/01\/250118-Swan-AT-retaillee5-300x225.jpg 300w\" sizes=\"auto, (max-width: 500px) 100vw, 500px\" \/><\/figure>\n\n\n\n<figure class=\"wp-block-image size-large\"><img loading=\"lazy\" decoding=\"async\" width=\"500\" height=\"375\" data-id=\"296\" src=\"https:\/\/swan-banjo.com\/wp-content\/uploads\/2025\/01\/250118-Swan-AT-retaillee8.jpg\" alt=\"\" class=\"wp-image-296\" srcset=\"https:\/\/swan-banjo.com\/wp-content\/uploads\/2025\/01\/250118-Swan-AT-retaillee8.jpg 500w, https:\/\/swan-banjo.com\/wp-content\/uploads\/2025\/01\/250118-Swan-AT-retaillee8-300x225.jpg 300w\" sizes=\"auto, (max-width: 500px) 100vw, 500px\" \/><\/figure>\n\n\n\n<figure class=\"wp-block-image size-large\"><img loading=\"lazy\" decoding=\"async\" width=\"500\" height=\"375\" data-id=\"292\" src=\"https:\/\/swan-banjo.com\/wp-content\/uploads\/2025\/01\/250118-Swan-AT-retaillee10.jpg\" alt=\"\" class=\"wp-image-292\" srcset=\"https:\/\/swan-banjo.com\/wp-content\/uploads\/2025\/01\/250118-Swan-AT-retaillee10.jpg 500w, https:\/\/swan-banjo.com\/wp-content\/uploads\/2025\/01\/250118-Swan-AT-retaillee10-300x225.jpg 300w\" sizes=\"auto, (max-width: 500px) 100vw, 500px\" \/><\/figure>\n\n\n\n<figure class=\"wp-block-image size-large\"><img loading=\"lazy\" decoding=\"async\" width=\"497\" height=\"282\" data-id=\"298\" src=\"https:\/\/swan-banjo.com\/wp-content\/uploads\/2025\/01\/250118-Swan-AT-retaillee11.jpg\" alt=\"\" class=\"wp-image-298\" srcset=\"https:\/\/swan-banjo.com\/wp-content\/uploads\/2025\/01\/250118-Swan-AT-retaillee11.jpg 497w, https:\/\/swan-banjo.com\/wp-content\/uploads\/2025\/01\/250118-Swan-AT-retaillee11-300x170.jpg 300w\" sizes=\"auto, (max-width: 497px) 100vw, 497px\" \/><\/figure>\n\n\n\n<figure class=\"wp-block-image size-large\"><img loading=\"lazy\" decoding=\"async\" width=\"500\" height=\"375\" data-id=\"291\" src=\"https:\/\/swan-banjo.com\/wp-content\/uploads\/2025\/01\/250118-Swan-AT-retaillee12.jpg\" alt=\"\" class=\"wp-image-291\" srcset=\"https:\/\/swan-banjo.com\/wp-content\/uploads\/2025\/01\/250118-Swan-AT-retaillee12.jpg 500w, https:\/\/swan-banjo.com\/wp-content\/uploads\/2025\/01\/250118-Swan-AT-retaillee12-300x225.jpg 300w\" sizes=\"auto, (max-width: 500px) 100vw, 500px\" \/><\/figure>\n<\/figure>\n\n\n\n<ul class=\"wp-block-list\">\n<li>F\u00fbt, manche et r\u00e9sonateur en \u00e9rable ond\u00e9<\/li>\n\n\n\n<li>Archtop tonering<\/li>\n\n\n\n<li>Touche \u00e9b\u00e8ne<\/li>\n\n\n\n<li>Placage de t\u00eate et de talon en ronce de thuya<\/li>\n\n\n\n<li>Incrustation de nacre sur la t\u00eate et la touche<\/li>\n\n\n\n<li>Cordier Kershner de chez Prucha<\/li>\n\n\n\n<li>Sillet en os<\/li>\n\n\n\n<li>Chevalet 2 pieds<\/li>\n\n\n\n<li>Armrest de chez Prucha<\/li>\n\n\n\n<li>M\u00e9caniques Gotoh avec boutons aspect ivoire<\/li>\n\n\n\n<li>Accastillage chrom\u00e9<\/li>\n\n\n\n<li>Peau Elite<\/li>\n<\/ul>\n\n\n\n<div class=\"wp-block-buttons is-layout-flex wp-block-buttons-is-layout-flex\">\n<div class=\"wp-block-button\"><a class=\"wp-block-button__link wp-element-button\" href=\"https:\/\/swan-banjo.com\/?page_id=366\">En savoir plus<\/a><\/div>\n<\/div>\n\n\n\n<p><\/p>\n","protected":false},"excerpt":{"rendered":"<p># Swan Archtop N\u00b01 # Swan Archtop N\u00b02<\/p>\n","protected":false},"author":1,"featured_media":0,"parent":0,"menu_order":0,"comment_status":"open","ping_status":"closed","template":"","meta":{"footnotes":""},"class_list":["post-132","page","type-page","status-publish","hentry"],"_links":{"self":[{"href":"https:\/\/swan-banjo.com\/index.php?rest_route=\/wp\/v2\/pages\/132","targetHints":{"allow":["GET"]}}],"collection":[{"href":"https:\/\/swan-banjo.com\/index.php?rest_route=\/wp\/v2\/pages"}],"about":[{"href":"https:\/\/swan-banjo.com\/index.php?rest_route=\/wp\/v2\/types\/page"}],"author":[{"embeddable":true,"href":"https:\/\/swan-banjo.com\/index.php?rest_route=\/wp\/v2\/users\/1"}],"replies":[{"embeddable":true,"href":"https:\/\/swan-banjo.com\/index.php?rest_route=%2Fwp%2Fv2%2Fcomments&post=132"}],"version-history":[{"count":15,"href":"https:\/\/swan-banjo.com\/index.php?rest_route=\/wp\/v2\/pages\/132\/revisions"}],"predecessor-version":[{"id":443,"href":"https:\/\/swan-banjo.com\/index.php?rest_route=\/wp\/v2\/pages\/132\/revisions\/443"}],"wp:attachment":[{"href":"https:\/\/swan-banjo.com\/index.php?rest_route=%2Fwp%2Fv2%2Fmedia&parent=132"}],"curies":[{"name":"wp","href":"https:\/\/api.w.org\/{rel}","templated":true}]}}