{"id":455,"date":"2025-02-01T18:39:18","date_gmt":"2025-02-01T17:39:18","guid":{"rendered":"https:\/\/swan-banjo.com\/?page_id=455"},"modified":"2025-02-01T18:39:18","modified_gmt":"2025-02-01T17:39:18","slug":"swan-tubaphone","status":"publish","type":"page","link":"https:\/\/swan-banjo.com\/?page_id=455","title":{"rendered":"Swan Tubaphone"},"content":{"rendered":"\n<figure class=\"wp-block-image size-full\"><img loading=\"lazy\" decoding=\"async\" width=\"559\" height=\"488\" src=\"https:\/\/swan-banjo.com\/wp-content\/uploads\/2025\/02\/Resized_20250201_174456-retaillee.jpg\" alt=\"\" class=\"wp-image-457\" srcset=\"https:\/\/swan-banjo.com\/wp-content\/uploads\/2025\/02\/Resized_20250201_174456-retaillee.jpg 559w, https:\/\/swan-banjo.com\/wp-content\/uploads\/2025\/02\/Resized_20250201_174456-retaillee-300x262.jpg 300w\" sizes=\"auto, (max-width: 559px) 100vw, 559px\" \/><\/figure>\n\n\n\n<figure class=\"wp-block-image size-full\"><img loading=\"lazy\" decoding=\"async\" width=\"576\" height=\"555\" src=\"https:\/\/swan-banjo.com\/wp-content\/uploads\/2025\/02\/Resized_20250201_174512-retaillee.jpg\" alt=\"\" class=\"wp-image-458\" srcset=\"https:\/\/swan-banjo.com\/wp-content\/uploads\/2025\/02\/Resized_20250201_174512-retaillee.jpg 576w, https:\/\/swan-banjo.com\/wp-content\/uploads\/2025\/02\/Resized_20250201_174512-retaillee-300x289.jpg 300w\" sizes=\"auto, (max-width: 576px) 100vw, 576px\" \/><\/figure>\n\n\n\n<ul class=\"wp-block-list\">\n<li>Swan tubaphone tonering 11 pouces en noyer<\/li>\n\n\n\n<li>Manche en 2 parties de 17 frets en cours de fabrication<\/li>\n\n\n\n<li>La touche et le peghead seront en ziricote<\/li>\n\n\n\n<li>Le banjo sera termin\u00e9 au printemps<\/li>\n\n\n\n<li>Il sera \u00e9quip\u00e9 d&rsquo;un r\u00e9sonateur en ronce de noyer<br><br>Le tubaphone tonering invent\u00e9 par Vega \u00e9quipait tous les banjos de leur gammes Pro : style M, Professional, Style X9, Artist&#8230;<br><br>Il est tr\u00e8s difficile de trouver des Tubaphone tonering de qualit\u00e9. <br>Celui ci vient de chez Prucha.<\/li>\n<\/ul>\n\n\n\n<p><\/p>\n","protected":false},"excerpt":{"rendered":"","protected":false},"author":1,"featured_media":0,"parent":0,"menu_order":0,"comment_status":"closed","ping_status":"closed","template":"","meta":{"footnotes":""},"class_list":["post-455","page","type-page","status-publish","hentry"],"_links":{"self":[{"href":"https:\/\/swan-banjo.com\/index.php?rest_route=\/wp\/v2\/pages\/455","targetHints":{"allow":["GET"]}}],"collection":[{"href":"https:\/\/swan-banjo.com\/index.php?rest_route=\/wp\/v2\/pages"}],"about":[{"href":"https:\/\/swan-banjo.com\/index.php?rest_route=\/wp\/v2\/types\/page"}],"author":[{"embeddable":true,"href":"https:\/\/swan-banjo.com\/index.php?rest_route=\/wp\/v2\/users\/1"}],"replies":[{"embeddable":true,"href":"https:\/\/swan-banjo.com\/index.php?rest_route=%2Fwp%2Fv2%2Fcomments&post=455"}],"version-history":[{"count":1,"href":"https:\/\/swan-banjo.com\/index.php?rest_route=\/wp\/v2\/pages\/455\/revisions"}],"predecessor-version":[{"id":459,"href":"https:\/\/swan-banjo.com\/index.php?rest_route=\/wp\/v2\/pages\/455\/revisions\/459"}],"wp:attachment":[{"href":"https:\/\/swan-banjo.com\/index.php?rest_route=%2Fwp%2Fv2%2Fmedia&parent=455"}],"curies":[{"name":"wp","href":"https:\/\/api.w.org\/{rel}","templated":true}]}}