{"id":64,"date":"2024-11-11T13:04:04","date_gmt":"2024-11-11T12:04:04","guid":{"rendered":"https:\/\/swan-banjo.com\/?page_id=64"},"modified":"2024-11-17T13:02:59","modified_gmt":"2024-11-17T12:02:59","slug":"a-propos-de","status":"publish","type":"page","link":"https:\/\/swan-banjo.com\/?page_id=64","title":{"rendered":"\u00c0 propos de"},"content":{"rendered":"\n<p>Je joue du banjo irlandais depuis 30 ans. Passionn\u00e9 par l&rsquo;instrument, j&rsquo;ai d&rsquo;abord r\u00e9nov\u00e9 puis collectionn\u00e9 des banjos t\u00e9nor am\u00e9ricains de la Golden Age : Vega, Gibson, Paramount, Orpheum, Bacon and day&#8230; <br><br>Apr\u00e8s avoir r\u00e9alis\u00e9 un stage de lutherie chez Fred Pons Kopo guitare,<br>j&rsquo;ai d\u00e9cid\u00e9 de fabriquer mes propres instruments, dans la tradition de la Golden Age.<br>J&rsquo;apporte le plus grand soin \u00e0 la fabrication de mes banjos, au choix des essences et de l&rsquo;accastillage con\u00e7us pour un son d&rsquo;excellence et une solidit\u00e9 \u00e0 l&rsquo;\u00e9preuve des ann\u00e9es.<br><br><strong>Guy Lemercier<\/strong><br>Logonna-Daoulas Finist\u00e8re<br>France<\/p>\n","protected":false},"excerpt":{"rendered":"<p>Je joue du banjo irlandais depuis 30 ans. Passionn\u00e9 par l&rsquo;instrument, j&rsquo;ai d&rsquo;abord r\u00e9nov\u00e9 puis collectionn\u00e9 des banjos t\u00e9nor am\u00e9ricains de la Golden Age : Vega, Gibson, Paramount, Orpheum, Bacon and day&#8230; Apr\u00e8s avoir r\u00e9alis\u00e9 un stage de lutherie chez Fred Pons Kopo guitare,j&rsquo;ai d\u00e9cid\u00e9 de fabriquer mes propres instruments, dans la tradition de la [&hellip;]<\/p>\n","protected":false},"author":1,"featured_media":34,"parent":0,"menu_order":0,"comment_status":"closed","ping_status":"closed","template":"","meta":{"footnotes":""},"class_list":["post-64","page","type-page","status-publish","has-post-thumbnail","hentry"],"_links":{"self":[{"href":"https:\/\/swan-banjo.com\/index.php?rest_route=\/wp\/v2\/pages\/64","targetHints":{"allow":["GET"]}}],"collection":[{"href":"https:\/\/swan-banjo.com\/index.php?rest_route=\/wp\/v2\/pages"}],"about":[{"href":"https:\/\/swan-banjo.com\/index.php?rest_route=\/wp\/v2\/types\/page"}],"author":[{"embeddable":true,"href":"https:\/\/swan-banjo.com\/index.php?rest_route=\/wp\/v2\/users\/1"}],"replies":[{"embeddable":true,"href":"https:\/\/swan-banjo.com\/index.php?rest_route=%2Fwp%2Fv2%2Fcomments&post=64"}],"version-history":[{"count":4,"href":"https:\/\/swan-banjo.com\/index.php?rest_route=\/wp\/v2\/pages\/64\/revisions"}],"predecessor-version":[{"id":195,"href":"https:\/\/swan-banjo.com\/index.php?rest_route=\/wp\/v2\/pages\/64\/revisions\/195"}],"wp:featuredmedia":[{"embeddable":true,"href":"https:\/\/swan-banjo.com\/index.php?rest_route=\/wp\/v2\/media\/34"}],"wp:attachment":[{"href":"https:\/\/swan-banjo.com\/index.php?rest_route=%2Fwp%2Fv2%2Fmedia&parent=64"}],"curies":[{"name":"wp","href":"https:\/\/api.w.org\/{rel}","templated":true}]}}